{"id":9,"date":"2020-03-16T17:27:54","date_gmt":"2020-03-16T17:27:54","guid":{"rendered":"http:\/\/arztpraxis-schulze-falkensee.de\/?page_id=9"},"modified":"2021-07-08T12:51:40","modified_gmt":"2021-07-08T12:51:40","slug":"allgemeines","status":"publish","type":"page","link":"https:\/\/arztpraxis-schulze-falkensee.de\/?page_id=9","title":{"rendered":"Allgemeines"},"content":{"rendered":"\t\t<div data-elementor-type=\"wp-page\" data-elementor-id=\"9\" class=\"elementor elementor-9\">\n\t\t\t\t\t\t<div class=\"elementor-inner\">\n\t\t\t\t<div class=\"elementor-section-wrap\">\n\t\t\t\t\t\t\t\t\t<section class=\"elementor-section elementor-top-section elementor-element elementor-element-2ccc4e39 elementor-section-boxed elementor-section-height-default elementor-section-height-default\" data-id=\"2ccc4e39\" data-element_type=\"section\">\n\t\t\t\t\t\t<div class=\"elementor-container elementor-column-gap-default\">\n\t\t\t\t\t\t\t<div class=\"elementor-row\">\n\t\t\t\t\t<div class=\"elementor-column elementor-col-100 elementor-top-column elementor-element elementor-element-307c99cd\" data-id=\"307c99cd\" data-element_type=\"column\">\n\t\t\t<div class=\"elementor-column-wrap elementor-element-populated\">\n\t\t\t\t\t\t\t<div class=\"elementor-widget-wrap\">\n\t\t\t\t\t\t<div class=\"elementor-element elementor-element-5ca369ae elementor-widget elementor-widget-text-editor\" data-id=\"5ca369ae\" data-element_type=\"widget\" data-widget_type=\"text-editor.default\">\n\t\t\t\t<div class=\"elementor-widget-container\">\n\t\t\t\t\t\t\t\t<div class=\"elementor-text-editor elementor-clearfix\">\n\t\t\t\t<p>\u00a0<\/p>\n<p><!-- wp:list --><\/p>\n<div>Herzlich Willkommen auf der Homepage unserer Praxis. <\/div>\n<div>\u00a0<\/div>\n<div>Als haus\u00e4rztlich Praxis versorgen wir Patienten aller Altersstufen, f\u00fchren Vorsorgeuntersuchungen durch, betreuen die chronisch kranken Patienten, f\u00fchren Impfungen durch und beraten zu verschiebenen Themen des Lebens.<\/div>\n<div>\u00a0<\/div>\n<div><span style=\"font-size: 14px; -webkit-text-size-adjust: 100%;\">\u00a0<\/span><span style=\"font-size: 14px; -webkit-text-size-adjust: 100%;\">\u00a0<\/span><\/div>\n<p><!-- \/wp:list --><\/p>\t\t\t\t\t<\/div>\n\t\t\t\t\t\t<\/div>\n\t\t\t\t<\/div>\n\t\t\t\t\t\t<\/div>\n\t\t\t\t\t<\/div>\n\t\t<\/div>\n\t\t\t\t\t\t\t\t<\/div>\n\t\t\t\t\t<\/div>\n\t\t<\/section>\n\t\t\t\t\t\t\t\t\t<\/div>\n\t\t\t<\/div>\n\t\t\t\t\t<\/div>\n\t\t","protected":false},"excerpt":{"rendered":"<p>\u00a0 Herzlich Willkommen auf der Homepage unserer Praxis. \u00a0 Als haus\u00e4rztlich Praxis versorgen wir Patienten aller Altersstufen, f\u00fchren Vorsorgeuntersuchungen durch, betreuen die chronisch kranken Patienten, f\u00fchren Impfungen durch und beraten zu verschiebenen Themen des Lebens. \u00a0 \u00a0\u00a0<\/p>\n","protected":false},"author":1,"featured_media":0,"parent":0,"menu_order":0,"comment_status":"closed","ping_status":"closed","template":"","meta":[],"_links":{"self":[{"href":"https:\/\/arztpraxis-schulze-falkensee.de\/index.php?rest_route=\/wp\/v2\/pages\/9"}],"collection":[{"href":"https:\/\/arztpraxis-schulze-falkensee.de\/index.php?rest_route=\/wp\/v2\/pages"}],"about":[{"href":"https:\/\/arztpraxis-schulze-falkensee.de\/index.php?rest_route=\/wp\/v2\/types\/page"}],"author":[{"embeddable":true,"href":"https:\/\/arztpraxis-schulze-falkensee.de\/index.php?rest_route=\/wp\/v2\/users\/1"}],"replies":[{"embeddable":true,"href":"https:\/\/arztpraxis-schulze-falkensee.de\/index.php?rest_route=%2Fwp%2Fv2%2Fcomments&post=9"}],"version-history":[{"count":17,"href":"https:\/\/arztpraxis-schulze-falkensee.de\/index.php?rest_route=\/wp\/v2\/pages\/9\/revisions"}],"predecessor-version":[{"id":274,"href":"https:\/\/arztpraxis-schulze-falkensee.de\/index.php?rest_route=\/wp\/v2\/pages\/9\/revisions\/274"}],"wp:attachment":[{"href":"https:\/\/arztpraxis-schulze-falkensee.de\/index.php?rest_route=%2Fwp%2Fv2%2Fmedia&parent=9"}],"curies":[{"name":"wp","href":"https:\/\/api.w.org\/{rel}","templated":true}]}}