{"id":19,"date":"2020-03-16T17:29:25","date_gmt":"2020-03-16T17:29:25","guid":{"rendered":"http:\/\/arztpraxis-schulze-falkensee.de\/?page_id=19"},"modified":"2025-06-13T09:41:26","modified_gmt":"2025-06-13T09:41:26","slug":"impressum","status":"publish","type":"page","link":"https:\/\/arztpraxis-schulze-falkensee.de\/?page_id=19","title":{"rendered":"Impressum"},"content":{"rendered":"\t\t<div data-elementor-type=\"wp-page\" data-elementor-id=\"19\" class=\"elementor elementor-19\">\n\t\t\t\t\t\t<div class=\"elementor-inner\">\n\t\t\t\t<div class=\"elementor-section-wrap\">\n\t\t\t\t\t\t\t\t\t<section class=\"elementor-section elementor-top-section elementor-element elementor-element-6dd0a1d8 elementor-section-boxed elementor-section-height-default elementor-section-height-default\" data-id=\"6dd0a1d8\" data-element_type=\"section\">\n\t\t\t\t\t\t<div class=\"elementor-container elementor-column-gap-default\">\n\t\t\t\t\t\t\t<div class=\"elementor-row\">\n\t\t\t\t\t<div class=\"elementor-column elementor-col-100 elementor-top-column elementor-element elementor-element-13479950\" data-id=\"13479950\" data-element_type=\"column\">\n\t\t\t<div class=\"elementor-column-wrap elementor-element-populated\">\n\t\t\t\t\t\t\t<div class=\"elementor-widget-wrap\">\n\t\t\t\t\t\t<div class=\"elementor-element elementor-element-2f6b6633 elementor-widget elementor-widget-text-editor\" data-id=\"2f6b6633\" data-element_type=\"widget\" data-widget_type=\"text-editor.default\">\n\t\t\t\t<div class=\"elementor-widget-container\">\n\t\t\t\t\t\t\t\t<div class=\"elementor-text-editor elementor-clearfix\">\n\t\t\t\t<p><!-- wp:tadv\/classic-paragraph --><\/p>\n<p><span style=\"color: #808080;\">Praxis Dr. med. Anke Schulze<\/span><br><span style=\"color: #808080;\">Stra\u00dfe der Einheit 123, 14612 Falkensee<\/span><br><span style=\"color: #808080;\">Telefon 03322\/2969118<\/span><br><span style=\"color: #808080;\">E-Mail: praxis-schulze-falkensee@web.de<\/span><br><span style=\"color: #808080;\">Internet: www.arztpraxis-schulze-falkensee.de<\/span><\/p>\n<p><\/p>\n<p><span style=\"color: #808080;\">Zust\u00e4ndige Kammer: Landes\u00e4rztekammer Brandenburg, 03044 Cottbus, Dreifertstra\u00dfe 12<\/span><br><span style=\"color: #808080;\">Zust\u00e4ndige kassen\u00e4rztliche Vereinigung: Kassen\u00e4rztliche Vereinigung Brandenburg, in 14469 Potsdam, Gregor-Mendel-Stra\u00dfe 10\/11<\/span><br><span style=\"color: #808080;\">Berufsbezeichnung: Fach\u00e4rztin f\u00fcr Allgemeinmedizin (verliehen in der Bundesrepublik Deutschland, Land Brandenburg)<\/span><br><span style=\"color: #808080;\">Zusatzbezeichnung Naturheilkunde (verliehen in der Bundesrepublik Deutschland, Land Berlin)<\/span><\/p>\n<ul>\n<li style=\"list-style-type: none;\">\n<ul>Berufsrechtliche&nbsp;Regelungen:<p><\/p>\n<li>\n<p><span style=\"font-family: arial, helvetica, sans-serif; color: #808080;\">Berufsordnung der Landes\u00e4rztekammer von Brandenburg<\/span><\/p>\n<\/li>\n<li>\n<p><span style=\"font-family: arial, helvetica, sans-serif; color: #808080;\">Heilberufegesetz des Landes Brandenburg<\/span><\/p>\n<\/li>\n<\/ul>\n<\/li>\n<\/ul>\n<ul>\n<li style=\"list-style-type: none;\">\n<ul>Die berufsrechtlichen Regelungen finden Sie auf den Seiten der Landes\u00e4rztekammer Brandenburg&nbsp;<\/ul>\n<\/li>\n<\/ul>\n<p><span style=\"color: #808080;\"><a style=\"color: #808080;\" href=\"http:\/\/www.laekb.de\">www.laekb.de<\/a><\/span><\/p>\n<p><span style=\"color: #808080;\">Haftungshinweis: Trotz sorgf\u00e4ltiger inhaltlicher Kontrolle \u00fcbernehmen wir keine Haftung f\u00fcr die Inhalte externer Links.<\/span><br><span style=\"color: #808080;\">F\u00fcr den Inhalt der verlinkten Seiten sind ausschlie\u00dflich deren Betreiber verantwortlich.<\/span><\/p>\n<p><span style=\"color: #808080;\">Datenschutzerkl\u00e4rung:<\/span><br><span style=\"color: #808080;\">Hinweise nach der EU Datenschutz-Grundverordnung (DSGVO): Personenbezogene Daten wie Namen, Postanschrift, E-Mail-Adressen,<\/span><br><span style=\"color: #808080;\">Telefonnummern oder das Geburtsdatum werden ausschlie\u00dflich in \u00dcbereinstimmung mit dem jeweiligen Datenschutzrecht erhoben und genutzt,<\/span><br><span style=\"color: #808080;\">weiterhin werden die Daten nur gespeichert wenn sie aktiv \u00fcbermittelt werden,<\/span><br><span style=\"color: #808080;\">die Daten werden nur zur Beantwortung von Fragen oder zur Zusendung von Informationsmaterial verwendet.<\/span><br><span style=\"color: #808080;\">Kontaktdaten, die im Rahmen von Anfragen angegeben werden, werden ausschlie\u00dflich f\u00fcr die Korrespondenz verwendet.<\/span><br><span style=\"color: #808080;\">E-Mail Adressen, die Nutzer f\u00fcr den Bezug von Newslettern angegeben haben, werden nur daf\u00fcr genutzt.<\/span><\/p>\n<p><span style=\"color: #808080;\">Webdesign: Annalena Seliger &amp; Oke Seliger<\/span><\/p>\n<p><!-- \/wp:tadv\/classic-paragraph --><\/p>\t\t\t\t\t<\/div>\n\t\t\t\t\t\t<\/div>\n\t\t\t\t<\/div>\n\t\t\t\t\t\t<\/div>\n\t\t\t\t\t<\/div>\n\t\t<\/div>\n\t\t\t\t\t\t\t\t<\/div>\n\t\t\t\t\t<\/div>\n\t\t<\/section>\n\t\t\t\t\t\t\t\t\t<\/div>\n\t\t\t<\/div>\n\t\t\t\t\t<\/div>\n\t\t","protected":false},"excerpt":{"rendered":"<p>Praxis Dr. med. Anke SchulzeStra\u00dfe der Einheit 123, 14612 FalkenseeTelefon 03322\/2969118E-Mail: praxis-schulze-falkensee@web.deInternet: www.arztpraxis-schulze-falkensee.de Zust\u00e4ndige Kammer: Landes\u00e4rztekammer Brandenburg, 03044 Cottbus, Dreifertstra\u00dfe 12Zust\u00e4ndige kassen\u00e4rztliche Vereinigung: Kassen\u00e4rztliche Vereinigung Brandenburg, in 14469 Potsdam, Gregor-Mendel-Stra\u00dfe 10\/11Berufsbezeichnung: Fach\u00e4rztin f\u00fcr Allgemeinmedizin (verliehen in der Bundesrepublik Deutschland, Land Brandenburg)Zusatzbezeichnung Naturheilkunde (verliehen in der Bundesrepublik Deutschland, Land Berlin) Berufsrechtliche&nbsp;Regelungen: Berufsordnung der Landes\u00e4rztekammer von Brandenburg [&hellip;]<\/p>\n","protected":false},"author":1,"featured_media":0,"parent":0,"menu_order":0,"comment_status":"closed","ping_status":"closed","template":"","meta":[],"_links":{"self":[{"href":"https:\/\/arztpraxis-schulze-falkensee.de\/index.php?rest_route=\/wp\/v2\/pages\/19"}],"collection":[{"href":"https:\/\/arztpraxis-schulze-falkensee.de\/index.php?rest_route=\/wp\/v2\/pages"}],"about":[{"href":"https:\/\/arztpraxis-schulze-falkensee.de\/index.php?rest_route=\/wp\/v2\/types\/page"}],"author":[{"embeddable":true,"href":"https:\/\/arztpraxis-schulze-falkensee.de\/index.php?rest_route=\/wp\/v2\/users\/1"}],"replies":[{"embeddable":true,"href":"https:\/\/arztpraxis-schulze-falkensee.de\/index.php?rest_route=%2Fwp%2Fv2%2Fcomments&post=19"}],"version-history":[{"count":13,"href":"https:\/\/arztpraxis-schulze-falkensee.de\/index.php?rest_route=\/wp\/v2\/pages\/19\/revisions"}],"predecessor-version":[{"id":367,"href":"https:\/\/arztpraxis-schulze-falkensee.de\/index.php?rest_route=\/wp\/v2\/pages\/19\/revisions\/367"}],"wp:attachment":[{"href":"https:\/\/arztpraxis-schulze-falkensee.de\/index.php?rest_route=%2Fwp%2Fv2%2Fmedia&parent=19"}],"curies":[{"name":"wp","href":"https:\/\/api.w.org\/{rel}","templated":true}]}}