{"id":15,"date":"2020-03-16T17:28:38","date_gmt":"2020-03-16T17:28:38","guid":{"rendered":"http:\/\/arztpraxis-schulze-falkensee.de\/?page_id=15"},"modified":"2023-07-02T20:25:21","modified_gmt":"2023-07-02T20:25:21","slug":"sprechzeiten","status":"publish","type":"page","link":"https:\/\/arztpraxis-schulze-falkensee.de\/?page_id=15","title":{"rendered":"Sprechzeiten"},"content":{"rendered":"\n<table style=\"height: 115px; width: 100%; border-collapse: collapse; border-color: #000000;\" border=\"1\">\n<tbody>\n<tr style=\"height: 23px;\">\n<td style=\"width: 50%; height: 23px;\"><span style=\"color: #333333;\">Montag<\/span><\/td>\n<td style=\"width: 50%; height: 23px;\"><span style=\"color: #333333;\">9-12 Uhr 15-18 Uhr<\/span><\/td>\n<\/tr>\n<tr style=\"height: 23px;\">\n<td style=\"width: 50%; height: 23px;\"><span style=\"color: #333333;\">Dienstag<\/span><\/td>\n<td style=\"width: 50%; height: 23px;\"><span style=\"color: #333333;\">9-12 Uhr<\/span><\/td>\n<\/tr>\n<tr style=\"height: 23px;\">\n<td style=\"width: 50%; height: 23px;\"><span style=\"color: #333333;\">Mittwoch<\/span><\/td>\n<td style=\"width: 50%; height: 23px;\"><span style=\"color: #333333;\">9-12 Uhr 15-17:30 Uhr<\/span><\/td>\n<\/tr>\n<tr style=\"height: 23px;\">\n<td style=\"width: 50%; height: 23px;\"><span style=\"color: #333333;\">Donnerstag<\/span><\/td>\n<td style=\"width: 50%; height: 23px;\"><span style=\"color: #333333;\">9-12 Uhr<\/span><\/td>\n<\/tr>\n<tr style=\"height: 23px;\">\n<td style=\"width: 50%; height: 23px;\"><span style=\"color: #333333;\">Freitag<\/span><\/td>\n<td style=\"width: 50%; height: 23px;\"><span style=\"color: #333333;\">9-12 Uhr<\/span><\/td>\n<\/tr>\n<\/tbody>\n<\/table>\n\n\n\n<p style=\"text-align: left;\"><span style=\"color: #333333;\">Damit lange Wartezeiten vermieden werden, m\u00f6chten wir Sie bitten, sich vorab<span style=\"text-decoration: underline;\">&nbsp;<span style=\"background-color: #ffffff;\"><a style=\"background-color: #ffffff;\" href=\"https:\/\/arztpraxis-schulze-falkensee.de\/?page_id=17\">telefonisch&nbsp;<\/a><\/span><\/span>zu melden. Alternativ haben Sie die M\u00f6glichkeit, online \u00fcber Doctolib einen Termin zu vereinbaren.&nbsp;<\/span><\/p>\n\n\n\n<div class=\"wp-block-buttons is-content-justification-center is-layout-flex wp-container-1\">\n<div class=\"wp-block-button\"><a class=\"wp-block-button__link wp-element-button\" href=\"https:\/\/www.doctolib.de\/praxis\/falkensee\/arztpraxis-dr-med-anke-schulze?utm_source=google-maps&amp;utm_campaign=google-maps\" target=\"_blank\" rel=\"noreferrer noopener\">Online buchen<\/a><\/div>\n<\/div>\n\n\n\n<p>\u00a0<\/p>\n<p><span style=\"color: #333333;\">Urlaubszeiten und Vertretungszeiten entnehmen Sie bitte dem aktuellen Aushang in der Praxis.<\/span><\/p>\n\n\n\n<p><\/p>\n","protected":false},"excerpt":{"rendered":"<p>Montag 9-12 Uhr 15-18 Uhr Dienstag 9-12 Uhr Mittwoch 9-12 Uhr 15-17:30 Uhr Donnerstag 9-12 Uhr Freitag 9-12 Uhr Damit lange Wartezeiten vermieden werden, m\u00f6chten wir Sie bitten, sich vorab&nbsp;telefonisch&nbsp;zu melden. Alternativ haben Sie die M\u00f6glichkeit, online \u00fcber Doctolib einen Termin zu vereinbaren.&nbsp; \u00a0 Urlaubszeiten und Vertretungszeiten entnehmen Sie bitte dem aktuellen Aushang in der [&hellip;]<\/p>\n","protected":false},"author":1,"featured_media":0,"parent":0,"menu_order":0,"comment_status":"closed","ping_status":"closed","template":"","meta":[],"_links":{"self":[{"href":"https:\/\/arztpraxis-schulze-falkensee.de\/index.php?rest_route=\/wp\/v2\/pages\/15"}],"collection":[{"href":"https:\/\/arztpraxis-schulze-falkensee.de\/index.php?rest_route=\/wp\/v2\/pages"}],"about":[{"href":"https:\/\/arztpraxis-schulze-falkensee.de\/index.php?rest_route=\/wp\/v2\/types\/page"}],"author":[{"embeddable":true,"href":"https:\/\/arztpraxis-schulze-falkensee.de\/index.php?rest_route=\/wp\/v2\/users\/1"}],"replies":[{"embeddable":true,"href":"https:\/\/arztpraxis-schulze-falkensee.de\/index.php?rest_route=%2Fwp%2Fv2%2Fcomments&post=15"}],"version-history":[{"count":23,"href":"https:\/\/arztpraxis-schulze-falkensee.de\/index.php?rest_route=\/wp\/v2\/pages\/15\/revisions"}],"predecessor-version":[{"id":334,"href":"https:\/\/arztpraxis-schulze-falkensee.de\/index.php?rest_route=\/wp\/v2\/pages\/15\/revisions\/334"}],"wp:attachment":[{"href":"https:\/\/arztpraxis-schulze-falkensee.de\/index.php?rest_route=%2Fwp%2Fv2%2Fmedia&parent=15"}],"curies":[{"name":"wp","href":"https:\/\/api.w.org\/{rel}","templated":true}]}}