{"id":13,"date":"2020-03-16T17:28:23","date_gmt":"2020-03-16T17:28:23","guid":{"rendered":"http:\/\/arztpraxis-schulze-falkensee.de\/?page_id=13"},"modified":"2025-11-04T18:40:00","modified_gmt":"2025-11-04T18:40:00","slug":"unser-team","status":"publish","type":"page","link":"https:\/\/arztpraxis-schulze-falkensee.de\/?page_id=13","title":{"rendered":"Unser Team"},"content":{"rendered":"\t\t<div data-elementor-type=\"wp-page\" data-elementor-id=\"13\" class=\"elementor elementor-13\">\n\t\t\t\t\t\t<div class=\"elementor-inner\">\n\t\t\t\t<div class=\"elementor-section-wrap\">\n\t\t\t\t\t\t\t\t\t<section class=\"elementor-section elementor-top-section elementor-element elementor-element-c697f6b elementor-section-boxed elementor-section-height-default elementor-section-height-default\" data-id=\"c697f6b\" data-element_type=\"section\">\n\t\t\t\t\t\t<div class=\"elementor-container elementor-column-gap-default\">\n\t\t\t\t\t\t\t<div class=\"elementor-row\">\n\t\t\t\t\t<div class=\"elementor-column elementor-col-100 elementor-top-column elementor-element elementor-element-5f56e63\" data-id=\"5f56e63\" data-element_type=\"column\">\n\t\t\t<div class=\"elementor-column-wrap elementor-element-populated\">\n\t\t\t\t\t\t\t<div class=\"elementor-widget-wrap\">\n\t\t\t\t\t\t<div class=\"elementor-element elementor-element-ac24d0f elementor-widget elementor-widget-text-editor\" data-id=\"ac24d0f\" data-element_type=\"widget\" data-widget_type=\"text-editor.default\">\n\t\t\t\t<div class=\"elementor-widget-container\">\n\t\t\t\t\t\t\t\t<div class=\"elementor-text-editor elementor-clearfix\">\n\t\t\t\t<p>Kerstin<strong> Klemm &#8211; <\/strong>Arzthelferin<\/p><p><strong>Denise Franz<\/strong> &#8211; Krankenschwester\u00a0<\/p><p><strong>Carolin Henke\u00a0<\/strong>&#8211; MFA, N\u00e4Pa<\/p><p><strong>Nicola Braun<\/strong> &#8211; Arzthelferin<\/p><p><strong>Ursula Rautenberg &#8211;<\/strong> MFA<\/p><p><strong>Anika Misina<\/strong> &#8211; \u00c4rztin in Facharztausbildung<\/p><p><strong>Dr. med Anke Schulze<\/strong> &#8211; Fach\u00e4rztin f\u00fcr Allgemeinmedizin &#8211; Naturheilkunde<\/p>\t\t\t\t\t<\/div>\n\t\t\t\t\t\t<\/div>\n\t\t\t\t<\/div>\n\t\t\t\t\t\t<\/div>\n\t\t\t\t\t<\/div>\n\t\t<\/div>\n\t\t\t\t\t\t\t\t<\/div>\n\t\t\t\t\t<\/div>\n\t\t<\/section>\n\t\t\t\t<section class=\"elementor-section elementor-top-section elementor-element elementor-element-781b553 elementor-section-boxed elementor-section-height-default elementor-section-height-default\" data-id=\"781b553\" data-element_type=\"section\">\n\t\t\t\t\t\t<div class=\"elementor-container elementor-column-gap-default\">\n\t\t\t\t\t\t\t<div class=\"elementor-row\">\n\t\t\t\t\t<div class=\"elementor-column elementor-col-100 elementor-top-column elementor-element elementor-element-bfaca83\" data-id=\"bfaca83\" data-element_type=\"column\">\n\t\t\t<div class=\"elementor-column-wrap\">\n\t\t\t\t\t\t\t<div class=\"elementor-widget-wrap\">\n\t\t\t\t\t\t\t\t<\/div>\n\t\t\t\t\t<\/div>\n\t\t<\/div>\n\t\t\t\t\t\t\t\t<\/div>\n\t\t\t\t\t<\/div>\n\t\t<\/section>\n\t\t\t\t<section class=\"elementor-section elementor-top-section elementor-element elementor-element-162e23a elementor-section-boxed elementor-section-height-default elementor-section-height-default\" data-id=\"162e23a\" data-element_type=\"section\">\n\t\t\t\t\t\t<div class=\"elementor-container elementor-column-gap-default\">\n\t\t\t\t\t\t\t<div class=\"elementor-row\">\n\t\t\t\t\t<div class=\"elementor-column elementor-col-100 elementor-top-column elementor-element elementor-element-d24be8f\" data-id=\"d24be8f\" data-element_type=\"column\">\n\t\t\t<div class=\"elementor-column-wrap elementor-element-populated\">\n\t\t\t\t\t\t\t<div class=\"elementor-widget-wrap\">\n\t\t\t\t\t\t<div class=\"elementor-element elementor-element-c7eaca0 elementor-widget elementor-widget-image\" data-id=\"c7eaca0\" data-element_type=\"widget\" data-widget_type=\"image.default\">\n\t\t\t\t<div class=\"elementor-widget-container\">\n\t\t\t\t\t\t\t\t<div class=\"elementor-image\">\n\t\t\t\t\t\t\t\t\t\t\t\t<img decoding=\"async\" width=\"300\" height=\"285\" src=\"https:\/\/arztpraxis-schulze-falkensee.de\/wp-content\/uploads\/2020\/03\/cropped-\u00c4skulapstab-1-300x285.png\" class=\"attachment-medium size-medium wp-image-72\" alt=\"\" loading=\"lazy\" srcset=\"https:\/\/arztpraxis-schulze-falkensee.de\/wp-content\/uploads\/2020\/03\/cropped-\u00c4skulapstab-1-300x285.png 300w, https:\/\/arztpraxis-schulze-falkensee.de\/wp-content\/uploads\/2020\/03\/cropped-\u00c4skulapstab-1-1024x974.png 1024w, https:\/\/arztpraxis-schulze-falkensee.de\/wp-content\/uploads\/2020\/03\/cropped-\u00c4skulapstab-1-768x731.png 768w, https:\/\/arztpraxis-schulze-falkensee.de\/wp-content\/uploads\/2020\/03\/cropped-\u00c4skulapstab-1.png 1095w\" sizes=\"(max-width: 300px) 100vw, 300px\" \/>\t\t\t\t\t\t\t\t\t\t\t\t\t\t<\/div>\n\t\t\t\t\t\t<\/div>\n\t\t\t\t<\/div>\n\t\t\t\t\t\t<\/div>\n\t\t\t\t\t<\/div>\n\t\t<\/div>\n\t\t\t\t\t\t\t\t<\/div>\n\t\t\t\t\t<\/div>\n\t\t<\/section>\n\t\t\t\t\t\t\t\t\t<\/div>\n\t\t\t<\/div>\n\t\t\t\t\t<\/div>\n\t\t","protected":false},"excerpt":{"rendered":"<p>Kerstin Klemm &#8211; Arzthelferin Denise Franz &#8211; Krankenschwester\u00a0 Carolin Henke\u00a0&#8211; MFA, N\u00e4Pa Nicola Braun &#8211; Arzthelferin Ursula Rautenberg &#8211; MFA Anika Misina &#8211; \u00c4rztin in Facharztausbildung Dr. med Anke Schulze &#8211; Fach\u00e4rztin f\u00fcr Allgemeinmedizin &#8211; Naturheilkunde<\/p>\n","protected":false},"author":1,"featured_media":0,"parent":0,"menu_order":0,"comment_status":"closed","ping_status":"closed","template":"","meta":[],"_links":{"self":[{"href":"https:\/\/arztpraxis-schulze-falkensee.de\/index.php?rest_route=\/wp\/v2\/pages\/13"}],"collection":[{"href":"https:\/\/arztpraxis-schulze-falkensee.de\/index.php?rest_route=\/wp\/v2\/pages"}],"about":[{"href":"https:\/\/arztpraxis-schulze-falkensee.de\/index.php?rest_route=\/wp\/v2\/types\/page"}],"author":[{"embeddable":true,"href":"https:\/\/arztpraxis-schulze-falkensee.de\/index.php?rest_route=\/wp\/v2\/users\/1"}],"replies":[{"embeddable":true,"href":"https:\/\/arztpraxis-schulze-falkensee.de\/index.php?rest_route=%2Fwp%2Fv2%2Fcomments&post=13"}],"version-history":[{"count":28,"href":"https:\/\/arztpraxis-schulze-falkensee.de\/index.php?rest_route=\/wp\/v2\/pages\/13\/revisions"}],"predecessor-version":[{"id":374,"href":"https:\/\/arztpraxis-schulze-falkensee.de\/index.php?rest_route=\/wp\/v2\/pages\/13\/revisions\/374"}],"wp:attachment":[{"href":"https:\/\/arztpraxis-schulze-falkensee.de\/index.php?rest_route=%2Fwp%2Fv2%2Fmedia&parent=13"}],"curies":[{"name":"wp","href":"https:\/\/api.w.org\/{rel}","templated":true}]}}