{"id":11,"date":"2020-03-16T17:28:08","date_gmt":"2020-03-16T17:28:08","guid":{"rendered":"http:\/\/arztpraxis-schulze-falkensee.de\/?page_id=11"},"modified":"2020-03-16T22:25:29","modified_gmt":"2020-03-16T22:25:29","slug":"naturheilkunde","status":"publish","type":"page","link":"https:\/\/arztpraxis-schulze-falkensee.de\/?page_id=11","title":{"rendered":"Naturheilkunde"},"content":{"rendered":"\n<p>\u00a0<\/p>\n<p align=\"justify\"><span style=\"color: #808080;\">Naturheilkunde umfasst ein Spektrum verschiedener Methoden,<\/span><br \/><span style=\"color: #808080;\">die die k\u00f6rpereigenen F\u00e4higkeiten zur Selbstheilung aktivieren<\/span><br \/><span style=\"color: #808080;\">und die sich \u00fcberwiegend in der Natur vorkommender Mittel oder<\/span><br \/><span style=\"color: #808080;\">Reize bedienen.<\/span><\/p>\n<p><span style=\"color: #808080;\">Naturheilkundliche Behandlungskonzepte unterst\u00fctzen die k\u00f6rpereigenen<\/span><br \/><span style=\"color: #808080;\">Kr\u00e4fte zur Selbstheilung und sind als Erg\u00e4nzung zur schulmedizinischen<\/span><br \/><span style=\"color: #808080;\">Behandlung oft sehr sinnvoll. Das Wissen und die Erfahrungen mit<\/span><br \/><span style=\"color: #808080;\">naturheilkundlichen Behandlungskonzepten sind weltweit \u00fcber viele<\/span><br \/><span style=\"color: #808080;\">Jahrhunderte entstanden.<\/span><\/p>\n<p>\u00a0<\/p>\n<p><span style=\"color: #808080;\">Zur klassischen Naturheilkunde z\u00e4hlen folgende Naturheilverfahren:<\/span><\/p>\n<ul style=\"list-style-type: disc;\">\n<li><span style=\"color: #808080;\">Phytotherapie &#8211; Einsatz von Pflanzenwirkstoffen<\/span><\/li>\n<li><span style=\"color: #808080;\">Hydrotherapie und Balneotherapie &#8211; Wasseranwendungen (W\u00e4rme- und K\u00e4ltetherapie)<\/span><\/li>\n<li><span style=\"color: #808080;\">Bewegungstherapie<\/span><\/li>\n<li><span style=\"color: #808080;\">Di\u00e4tetik &#8211; Unterst\u00fctzung der Behandlungen durch eine gesunde Kost<\/span><br \/><span style=\"color: #808080;\">und eine dem Krankheitsbild angepasste Di\u00e4t<\/span><\/li>\n<li><span style=\"color: #808080;\">Ordnungstherapie &#8211; Strukturierung der \u00e4u\u00dferen und inneren Lebensordnung,<\/span><br \/><span style=\"color: #808080;\">um die Gesundheit von K\u00f6rper, Geist und Seele auf eine positive Art zu beeinflussen.<\/span><\/li>\n<li><span style=\"color: #808080;\">Aromatherapie, Hom\u00f6opathie, Bach-Bl\u00fctentherapie<\/span><\/li>\n<li><span style=\"color: #808080;\">Traditionelle Chinesische Medizin, Akupunktur<\/span><\/li>\n<li><span style=\"color: #808080;\">Anthroposophische Medizin<\/span><\/li>\n<li><span style=\"color: #808080;\">Neuraltherapie<\/span><\/li>\n<li><span style=\"color: #808080;\">Heilfasten<\/span><\/li>\n<\/ul>\n<p>\u00a0<\/p>\n","protected":false},"excerpt":{"rendered":"<p>\u00a0 Naturheilkunde umfasst ein Spektrum verschiedener Methoden,die die k\u00f6rpereigenen F\u00e4higkeiten zur Selbstheilung aktivierenund die sich \u00fcberwiegend in der Natur vorkommender Mittel oderReize bedienen. Naturheilkundliche Behandlungskonzepte unterst\u00fctzen die k\u00f6rpereigenenKr\u00e4fte zur Selbstheilung und sind als Erg\u00e4nzung zur schulmedizinischenBehandlung oft sehr sinnvoll. Das Wissen und die Erfahrungen mitnaturheilkundlichen Behandlungskonzepten sind weltweit \u00fcber vieleJahrhunderte entstanden. \u00a0 Zur klassischen Naturheilkunde [&hellip;]<\/p>\n","protected":false},"author":1,"featured_media":0,"parent":0,"menu_order":0,"comment_status":"closed","ping_status":"closed","template":"","meta":[],"_links":{"self":[{"href":"https:\/\/arztpraxis-schulze-falkensee.de\/index.php?rest_route=\/wp\/v2\/pages\/11"}],"collection":[{"href":"https:\/\/arztpraxis-schulze-falkensee.de\/index.php?rest_route=\/wp\/v2\/pages"}],"about":[{"href":"https:\/\/arztpraxis-schulze-falkensee.de\/index.php?rest_route=\/wp\/v2\/types\/page"}],"author":[{"embeddable":true,"href":"https:\/\/arztpraxis-schulze-falkensee.de\/index.php?rest_route=\/wp\/v2\/users\/1"}],"replies":[{"embeddable":true,"href":"https:\/\/arztpraxis-schulze-falkensee.de\/index.php?rest_route=%2Fwp%2Fv2%2Fcomments&post=11"}],"version-history":[{"count":7,"href":"https:\/\/arztpraxis-schulze-falkensee.de\/index.php?rest_route=\/wp\/v2\/pages\/11\/revisions"}],"predecessor-version":[{"id":176,"href":"https:\/\/arztpraxis-schulze-falkensee.de\/index.php?rest_route=\/wp\/v2\/pages\/11\/revisions\/176"}],"wp:attachment":[{"href":"https:\/\/arztpraxis-schulze-falkensee.de\/index.php?rest_route=%2Fwp%2Fv2%2Fmedia&parent=11"}],"curies":[{"name":"wp","href":"https:\/\/api.w.org\/{rel}","templated":true}]}}